{"id":10,"date":"2019-08-16T13:47:21","date_gmt":"2019-08-16T13:47:21","guid":{"rendered":"https:\/\/nivanpaa.fi\/?page_id=10"},"modified":"2019-08-17T16:37:18","modified_gmt":"2019-08-17T16:37:18","slug":"ota-yhteytta","status":"publish","type":"page","link":"https:\/\/nivanpaa.fi\/index.php\/ota-yhteytta\/","title":{"rendered":"Ota yhteytt\u00e4"},"content":{"rendered":"<div class=\"wpforms-container wpforms-container-full wpforms-block\" id=\"wpforms-39\"><form id=\"wpforms-form-39\" class=\"wpforms-validate wpforms-form wpforms-ajax-form\" data-formid=\"39\" method=\"post\" enctype=\"multipart\/form-data\" action=\"\/index.php\/wp-json\/wp\/v2\/pages\/10\" data-token=\"84bf44345a9873e2b34e2610acafab6f\" data-token-time=\"1776306203\"><noscript class=\"wpforms-error-noscript\">Please enable JavaScript in your browser to complete this form.<\/noscript><div class=\"wpforms-field-container\"><div id=\"wpforms-39-field_0-container\" class=\"wpforms-field wpforms-field-name\" data-field-id=\"0\"><label class=\"wpforms-field-label\">Nimi <span class=\"wpforms-required-label\">*<\/span><\/label><div class=\"wpforms-field-row wpforms-field-medium\"><div class=\"wpforms-field-row-block wpforms-first wpforms-one-half\"><input type=\"text\" id=\"wpforms-39-field_0\" class=\"wpforms-field-name-first wpforms-field-required\" name=\"wpforms[fields][0][first]\" required><label for=\"wpforms-39-field_0\" class=\"wpforms-field-sublabel after\">First<\/label><\/div><div class=\"wpforms-field-row-block wpforms-one-half\"><input type=\"text\" id=\"wpforms-39-field_0-last\" class=\"wpforms-field-name-last wpforms-field-required\" name=\"wpforms[fields][0][last]\" required><label for=\"wpforms-39-field_0-last\" class=\"wpforms-field-sublabel after\">Last<\/label><\/div><\/div><\/div><div id=\"wpforms-39-field_1-container\" class=\"wpforms-field wpforms-field-email\" data-field-id=\"1\"><label class=\"wpforms-field-label\" for=\"wpforms-39-field_1\">S\u00e4hk\u00f6postiosoite <span class=\"wpforms-required-label\">*<\/span><\/label><input type=\"email\" id=\"wpforms-39-field_1\" class=\"wpforms-field-medium wpforms-field-required\" name=\"wpforms[fields][1]\" spellcheck=\"false\" required><\/div><div id=\"wpforms-39-field_3-container\" class=\"wpforms-field wpforms-field-number\" data-field-id=\"3\"><label class=\"wpforms-field-label\" for=\"wpforms-39-field_3\">Puhelinnumero<\/label><input type=\"number\" id=\"wpforms-39-field_3\" class=\"wpforms-field-medium\" name=\"wpforms[fields][3]\" step=\"any\" ><\/div><div id=\"wpforms-39-field_2-container\" class=\"wpforms-field wpforms-field-textarea\" data-field-id=\"2\"><label class=\"wpforms-field-label\" for=\"wpforms-39-field_2\">Vapaamuotoinen viesti<\/label><textarea id=\"wpforms-39-field_2\" class=\"wpforms-field-medium\" name=\"wpforms[fields][2]\" ><\/textarea><\/div><\/div><!-- .wpforms-field-container --><div class=\"wpforms-field wpforms-field-hp\"><label for=\"wpforms-39-field-hp\" class=\"wpforms-field-label\">Website<\/label><input type=\"text\" name=\"wpforms[hp]\" id=\"wpforms-39-field-hp\" class=\"wpforms-field-medium\"><\/div><div class=\"wpforms-submit-container\" ><input type=\"hidden\" name=\"wpforms[id]\" value=\"39\"><input type=\"hidden\" name=\"page_title\" value=\"\"><input type=\"hidden\" name=\"page_url\" value=\"https:\/\/nivanpaa.fi\/index.php\/wp-json\/wp\/v2\/pages\/10\"><input type=\"hidden\" name=\"url_referer\" value=\"\"><button type=\"submit\" name=\"wpforms[submit]\" id=\"wpforms-submit-39\" class=\"wpforms-submit\" data-alt-text=\"L\u00e4hett\u00e4\u00e4...\" data-submit-text=\"L\u00e4het\u00e4\" aria-live=\"assertive\" value=\"wpforms-submit\">L\u00e4het\u00e4<\/button><img loading=\"lazy\" decoding=\"async\" src=\"https:\/\/nivanpaa.fi\/wp-content\/plugins\/wpforms-lite\/assets\/images\/submit-spin.svg\" class=\"wpforms-submit-spinner\" style=\"display: none;\" width=\"26\" height=\"26\" alt=\"Loading\"><\/div><\/form><\/div>  <!-- .wpforms-container -->","protected":false},"excerpt":{"rendered":"","protected":false},"author":1,"featured_media":0,"parent":0,"menu_order":0,"comment_status":"closed","ping_status":"closed","template":"","meta":{"footnotes":""},"class_list":["post-10","page","type-page","status-publish"],"yoast_head":"<!-- This site is optimized with the Yoast SEO plugin v26.8 - https:\/\/yoast.com\/product\/yoast-seo-wordpress\/ -->\n<title>Ota yhteytt\u00e4 - Nivanp\u00e4\u00e4n valokuituverkko osk<\/title>\n<meta name=\"description\" content=\"T\u00e4m\u00e4 sivusto on Nivanp\u00e4\u00e4n valokuituverkko osk:n sivusto jolla kerrotaan meneill\u00e4\u00e4n olevasta valokuituverkon rakennushankkeesta.\" \/>\n<meta name=\"robots\" content=\"index, follow, max-snippet:-1, max-image-preview:large, max-video-preview:-1\" \/>\n<link rel=\"canonical\" href=\"https:\/\/nivanpaa.fi\/index.php\/ota-yhteytta\/\" \/>\n<meta property=\"og:locale\" content=\"fi_FI\" \/>\n<meta property=\"og:type\" content=\"article\" \/>\n<meta property=\"og:title\" content=\"Ota yhteytt\u00e4 - Nivanp\u00e4\u00e4n valokuituverkko osk\" \/>\n<meta property=\"og:description\" content=\"T\u00e4m\u00e4 sivusto on Nivanp\u00e4\u00e4n valokuituverkko osk:n sivusto jolla kerrotaan meneill\u00e4\u00e4n olevasta valokuituverkon rakennushankkeesta.\" \/>\n<meta property=\"og:url\" content=\"https:\/\/nivanpaa.fi\/index.php\/ota-yhteytta\/\" \/>\n<meta property=\"og:site_name\" content=\"Nivanp\u00e4\u00e4n valokuituverkko osk\" \/>\n<meta property=\"article:modified_time\" content=\"2019-08-17T16:37:18+00:00\" \/>\n<meta name=\"twitter:card\" content=\"summary_large_image\" \/>\n<script type=\"application\/ld+json\" class=\"yoast-schema-graph\">{\"@context\":\"https:\/\/schema.org\",\"@graph\":[{\"@type\":\"WebPage\",\"@id\":\"https:\/\/nivanpaa.fi\/index.php\/ota-yhteytta\/\",\"url\":\"https:\/\/nivanpaa.fi\/index.php\/ota-yhteytta\/\",\"name\":\"Ota yhteytt\u00e4 - Nivanp\u00e4\u00e4n valokuituverkko osk\",\"isPartOf\":{\"@id\":\"https:\/\/nivanpaa.fi\/#website\"},\"datePublished\":\"2019-08-16T13:47:21+00:00\",\"dateModified\":\"2019-08-17T16:37:18+00:00\",\"description\":\"T\u00e4m\u00e4 sivusto on Nivanp\u00e4\u00e4n valokuituverkko osk:n sivusto jolla kerrotaan meneill\u00e4\u00e4n olevasta valokuituverkon rakennushankkeesta.\",\"breadcrumb\":{\"@id\":\"https:\/\/nivanpaa.fi\/index.php\/ota-yhteytta\/#breadcrumb\"},\"inLanguage\":\"fi\",\"potentialAction\":[{\"@type\":\"ReadAction\",\"target\":[\"https:\/\/nivanpaa.fi\/index.php\/ota-yhteytta\/\"]}]},{\"@type\":\"BreadcrumbList\",\"@id\":\"https:\/\/nivanpaa.fi\/index.php\/ota-yhteytta\/#breadcrumb\",\"itemListElement\":[{\"@type\":\"ListItem\",\"position\":1,\"name\":\"Home\",\"item\":\"https:\/\/nivanpaa.fi\/\"},{\"@type\":\"ListItem\",\"position\":2,\"name\":\"Ota yhteytt\u00e4\"}]},{\"@type\":\"WebSite\",\"@id\":\"https:\/\/nivanpaa.fi\/#website\",\"url\":\"https:\/\/nivanpaa.fi\/\",\"name\":\"Nivanp\u00e4\u00e4n valokuituverkko osk\",\"description\":\"\",\"publisher\":{\"@id\":\"https:\/\/nivanpaa.fi\/#organization\"},\"potentialAction\":[{\"@type\":\"SearchAction\",\"target\":{\"@type\":\"EntryPoint\",\"urlTemplate\":\"https:\/\/nivanpaa.fi\/?s={search_term_string}\"},\"query-input\":{\"@type\":\"PropertyValueSpecification\",\"valueRequired\":true,\"valueName\":\"search_term_string\"}}],\"inLanguage\":\"fi\"},{\"@type\":\"Organization\",\"@id\":\"https:\/\/nivanpaa.fi\/#organization\",\"name\":\"Nivanp\u00e4\u00e4n valokuituverkko osk\",\"url\":\"https:\/\/nivanpaa.fi\/\",\"logo\":{\"@type\":\"ImageObject\",\"inLanguage\":\"fi\",\"@id\":\"https:\/\/nivanpaa.fi\/#\/schema\/logo\/image\/\",\"url\":\"https:\/\/nivanpaa.fi\/wp-content\/uploads\/2019\/08\/Logon-kuva.png\",\"contentUrl\":\"https:\/\/nivanpaa.fi\/wp-content\/uploads\/2019\/08\/Logon-kuva.png\",\"width\":457,\"height\":330,\"caption\":\"Nivanp\u00e4\u00e4n valokuituverkko osk\"},\"image\":{\"@id\":\"https:\/\/nivanpaa.fi\/#\/schema\/logo\/image\/\"}}]}<\/script>\n<!-- \/ Yoast SEO plugin. -->","yoast_head_json":{"title":"Ota yhteytt\u00e4 - Nivanp\u00e4\u00e4n valokuituverkko osk","description":"T\u00e4m\u00e4 sivusto on Nivanp\u00e4\u00e4n valokuituverkko osk:n sivusto jolla kerrotaan meneill\u00e4\u00e4n olevasta valokuituverkon rakennushankkeesta.","robots":{"index":"index","follow":"follow","max-snippet":"max-snippet:-1","max-image-preview":"max-image-preview:large","max-video-preview":"max-video-preview:-1"},"canonical":"https:\/\/nivanpaa.fi\/index.php\/ota-yhteytta\/","og_locale":"fi_FI","og_type":"article","og_title":"Ota yhteytt\u00e4 - Nivanp\u00e4\u00e4n valokuituverkko osk","og_description":"T\u00e4m\u00e4 sivusto on Nivanp\u00e4\u00e4n valokuituverkko osk:n sivusto jolla kerrotaan meneill\u00e4\u00e4n olevasta valokuituverkon rakennushankkeesta.","og_url":"https:\/\/nivanpaa.fi\/index.php\/ota-yhteytta\/","og_site_name":"Nivanp\u00e4\u00e4n valokuituverkko osk","article_modified_time":"2019-08-17T16:37:18+00:00","twitter_card":"summary_large_image","schema":{"@context":"https:\/\/schema.org","@graph":[{"@type":"WebPage","@id":"https:\/\/nivanpaa.fi\/index.php\/ota-yhteytta\/","url":"https:\/\/nivanpaa.fi\/index.php\/ota-yhteytta\/","name":"Ota yhteytt\u00e4 - Nivanp\u00e4\u00e4n valokuituverkko osk","isPartOf":{"@id":"https:\/\/nivanpaa.fi\/#website"},"datePublished":"2019-08-16T13:47:21+00:00","dateModified":"2019-08-17T16:37:18+00:00","description":"T\u00e4m\u00e4 sivusto on Nivanp\u00e4\u00e4n valokuituverkko osk:n sivusto jolla kerrotaan meneill\u00e4\u00e4n olevasta valokuituverkon rakennushankkeesta.","breadcrumb":{"@id":"https:\/\/nivanpaa.fi\/index.php\/ota-yhteytta\/#breadcrumb"},"inLanguage":"fi","potentialAction":[{"@type":"ReadAction","target":["https:\/\/nivanpaa.fi\/index.php\/ota-yhteytta\/"]}]},{"@type":"BreadcrumbList","@id":"https:\/\/nivanpaa.fi\/index.php\/ota-yhteytta\/#breadcrumb","itemListElement":[{"@type":"ListItem","position":1,"name":"Home","item":"https:\/\/nivanpaa.fi\/"},{"@type":"ListItem","position":2,"name":"Ota yhteytt\u00e4"}]},{"@type":"WebSite","@id":"https:\/\/nivanpaa.fi\/#website","url":"https:\/\/nivanpaa.fi\/","name":"Nivanp\u00e4\u00e4n valokuituverkko osk","description":"","publisher":{"@id":"https:\/\/nivanpaa.fi\/#organization"},"potentialAction":[{"@type":"SearchAction","target":{"@type":"EntryPoint","urlTemplate":"https:\/\/nivanpaa.fi\/?s={search_term_string}"},"query-input":{"@type":"PropertyValueSpecification","valueRequired":true,"valueName":"search_term_string"}}],"inLanguage":"fi"},{"@type":"Organization","@id":"https:\/\/nivanpaa.fi\/#organization","name":"Nivanp\u00e4\u00e4n valokuituverkko osk","url":"https:\/\/nivanpaa.fi\/","logo":{"@type":"ImageObject","inLanguage":"fi","@id":"https:\/\/nivanpaa.fi\/#\/schema\/logo\/image\/","url":"https:\/\/nivanpaa.fi\/wp-content\/uploads\/2019\/08\/Logon-kuva.png","contentUrl":"https:\/\/nivanpaa.fi\/wp-content\/uploads\/2019\/08\/Logon-kuva.png","width":457,"height":330,"caption":"Nivanp\u00e4\u00e4n valokuituverkko osk"},"image":{"@id":"https:\/\/nivanpaa.fi\/#\/schema\/logo\/image\/"}}]}},"_links":{"self":[{"href":"https:\/\/nivanpaa.fi\/index.php\/wp-json\/wp\/v2\/pages\/10","targetHints":{"allow":["GET"]}}],"collection":[{"href":"https:\/\/nivanpaa.fi\/index.php\/wp-json\/wp\/v2\/pages"}],"about":[{"href":"https:\/\/nivanpaa.fi\/index.php\/wp-json\/wp\/v2\/types\/page"}],"author":[{"embeddable":true,"href":"https:\/\/nivanpaa.fi\/index.php\/wp-json\/wp\/v2\/users\/1"}],"replies":[{"embeddable":true,"href":"https:\/\/nivanpaa.fi\/index.php\/wp-json\/wp\/v2\/comments?post=10"}],"version-history":[{"count":3,"href":"https:\/\/nivanpaa.fi\/index.php\/wp-json\/wp\/v2\/pages\/10\/revisions"}],"predecessor-version":[{"id":119,"href":"https:\/\/nivanpaa.fi\/index.php\/wp-json\/wp\/v2\/pages\/10\/revisions\/119"}],"wp:attachment":[{"href":"https:\/\/nivanpaa.fi\/index.php\/wp-json\/wp\/v2\/media?parent=10"}],"curies":[{"name":"wp","href":"https:\/\/api.w.org\/{rel}","templated":true}]}}