{"id":3,"date":"2019-08-16T09:39:14","date_gmt":"2019-08-16T09:39:14","guid":{"rendered":"https:\/\/nivanpaa.fi\/?page_id=3"},"modified":"2019-09-02T18:27:52","modified_gmt":"2019-09-02T18:27:52","slug":"privacy-policy","status":"publish","type":"page","link":"https:\/\/nivanpaa.fi\/index.php\/blogi\/privacy-policy\/","title":{"rendered":"Tietosuojaseloste"},"content":{"rendered":"\n<h3 class=\"wp-block-heading\">1. Rekisterinpit\u00e4j\u00e4<\/h3>\n\n\n\n<p>Nivanp\u00e4\u00e4n Valokuituverkko osk, Katajatie 4, 95700 Pello<br>Nettisivujemme osoite on: https:\/\/nivanpaa.fi. <\/p>\n\n\n\n<h3 class=\"wp-block-heading\">2. Rekisterist\u00e4 vastaava yhteyshenkil\u00f6<\/h3>\n\n\n\n<p>Esa Virtanen, esa@esavirtanen.fi,  puh. 0500 392 144<\/p>\n\n\n\n<h3 class=\"wp-block-heading\">3. Rekisterin nimi<\/h3>\n\n\n\n<p>Verkkopalvelun  k\u00e4ytt\u00e4j\u00e4rekisteri.<\/p>\n\n\n\n<h3 class=\"wp-block-heading\">4. Oikeusperuste ja henkil\u00f6tietojen k\u00e4sittelyn tarkoitus<\/h3>\n\n\n\n<p>EU:n yleisen tietosuoja-asetuksen mukainen oikeusperuste henkil\u00f6tietojen k\u00e4sittelylle on<br>&#8211; henkil\u00f6n suostumus (dokumentoitu, vapaaehtoinen, yksil\u00f6ity, tietoinen ja yksiselitteinen)<\/p>\n\n\n\n<p>Henkil\u00f6tietojen k\u00e4sittelyn tarkoitus on yhteydenpito asiakkaisii ja markkinointi.<\/p>\n\n\n\n<p>Tietoja ei k\u00e4ytet\u00e4 automatisoituun p\u00e4\u00e4t\u00f6ksentekoon tai profilointiin.&nbsp;<\/p>\n\n\n\n<h3 class=\"wp-block-heading\">5. Rekisterin tietosis\u00e4lt\u00f6<\/h3>\n\n\n\n<p>Rekisteriin tallennettavia tietoja ovat: henkil\u00f6n  nimi, yritys\/organisaatio, yhteystiedot (puhelinnumero,  s\u00e4hk\u00f6postiosoite, osoite), www-sivustojen osoitteet, verkkoyhteyden  IP-osoite, tunnukset sosiaalisen median palveluissa, tiedot  tilatuista palveluista ja niiden muutoksista, laskutustiedot, muut  asiakassuhteeseen ja tilattuihin palveluihin liittyv\u00e4t tiedot.<\/p>\n\n\n\n<p>Tiedot s\u00e4ilytet\u00e4\u00e4n asiakassuhteen ajan ja sen j\u00e4lkeen lain edellytt\u00e4m\u00e4n ajan.<\/p>\n\n\n\n<h3 class=\"wp-block-heading\">6. S\u00e4\u00e4nn\u00f6nmukaiset tietol\u00e4hteet<\/h3>\n\n\n\n<p>Rekisteriin tallennettavat tiedot saadaan asiakkaalta mm.  www-lomakkeilla l\u00e4hetetyist\u00e4 viesteist\u00e4, s\u00e4hk\u00f6postitse, puhelimitse, sosiaalisen median palvelujen kautta, sopimuksista, asiakastapaamisista  ja muista tilanteista, joissa asiakas luovuttaa tietojaan.<\/p>\n\n\n\n<h3 class=\"wp-block-heading\">7. Tietojen s\u00e4\u00e4nn\u00f6nmukaiset luovutukset ja tietojen siirto EU:n tai ETA:n ulkopuolelle<\/h3>\n\n\n\n<p>Tietoja ei luovuteta \ns\u00e4\u00e4nn\u00f6nmukaisesti muille tahoille. Tietoja voidaan julkaista silt\u00e4 osin \nkuin niin on sovittu asiakkaan kanssa.<\/p>\n\n\n\n<h3 class=\"wp-block-heading\">8. Rekisterin suojauksen periaatteet<\/h3>\n\n\n\n<p>Rekisterin k\u00e4sittelyss\u00e4 \nnoudatetaan huolellisuutta ja tietoj\u00e4rjestelmien avulla k\u00e4sitelt\u00e4v\u00e4t \ntiedot suojataan asianmukaisesti. Kun rekisteritietoja s\u00e4ilytet\u00e4\u00e4n \nInternet-palvelimilla, niiden laitteiston fyysisest\u00e4 ja digitaalisesta \ntietoturvasta huolehditaan asiaankuuluvasti. Rekisterinpit\u00e4j\u00e4 huolehtii \nsiit\u00e4, ett\u00e4 tallennettuja tietoja sek\u00e4 palvelimien k\u00e4ytt\u00f6oikeuksia ja \nmuita henkil\u00f6tietojen turvallisuuden kannalta kriittisi\u00e4 tietoja \nk\u00e4sitell\u00e4\u00e4n luottamuksellisesti ja vain niiden ty\u00f6ntekij\u00f6iden toimesta, \njoiden ty\u00f6nkuvaan se kuuluu.<\/p>\n\n\n\n<h3 class=\"wp-block-heading\">9. Tarkastusoikeus ja oikeus vaatia tiedon korjaamista<\/h3>\n\n\n\n<p>Jokaisella rekisteriss\u00e4 olevalla henkil\u00f6ll\u00e4 on oikeus tarkistaa \nrekisteriin tallennetut tietonsa ja vaatia mahdollisen virheellisen \ntiedon korjaamista tai puutteellisen tiedon t\u00e4ydent\u00e4mist\u00e4. Mik\u00e4li \nhenkil\u00f6 haluaa tarkistaa h\u00e4nest\u00e4 tallennetut tiedot tai vaatia niihin \noikaisua, pyynt\u00f6 tulee l\u00e4hett\u00e4\u00e4 kirjallisesti&nbsp;rekisterinpit\u00e4j\u00e4lle.\n Rekisterinpit\u00e4j\u00e4 voi pyyt\u00e4\u00e4 tarvittaessa pyynn\u00f6n esitt\u00e4j\u00e4\u00e4 todistamaan \nhenkil\u00f6llisyytens\u00e4. Rekisterinpit\u00e4j\u00e4 vastaa asiakkaalle EU:n \ntietosuoja-asetuksessa s\u00e4\u00e4detyss\u00e4 ajassa (p\u00e4\u00e4s\u00e4\u00e4nt\u00f6isesti kuukauden \nkuluessa).<\/p>\n\n\n\n<h3 class=\"wp-block-heading\">10. Muut henkil\u00f6tietojen k\u00e4sittelyyn liittyv\u00e4t oikeudet<\/h3>\n\n\n\n<p>Rekisteriss\u00e4 olevalla henkil\u00f6ll\u00e4 on oikeus pyyt\u00e4\u00e4 h\u00e4nt\u00e4 koskevien \nhenkil\u00f6tietojen poistamiseen rekisterist\u00e4 (&#8221;oikeus tulla unohdetuksi&#8221;). \nNiin ik\u00e4\u00e4n rekister\u00f6idyill\u00e4 on muut <a href=\"http:\/\/eur-lex.europa.eu\/legal-content\/FI\/TXT\/?uri=CELEX%3A32016R0679#d1e2144-1-1\" target=\"_blank\" rel=\"noreferrer noopener\">EU:n yleisen tietosuoja-asetuksen mukaiset oikeudet<\/a>&nbsp;kuten henkil\u00f6tietojen k\u00e4sittelyn rajoittaminen tietyiss\u00e4 tilanteissa. Pyynn\u00f6t tulee l\u00e4hett\u00e4\u00e4 kirjallisesti&nbsp;rekisterinpit\u00e4j\u00e4lle.\n Rekisterinpit\u00e4j\u00e4 voi pyyt\u00e4\u00e4 tarvittaessa pyynn\u00f6n esitt\u00e4j\u00e4\u00e4 todistamaan \nhenkil\u00f6llisyytens\u00e4. Rekisterinpit\u00e4j\u00e4 vastaa asiakkaalle EU:n \ntietosuoja-asetuksessa s\u00e4\u00e4detyss\u00e4 ajassa (p\u00e4\u00e4s\u00e4\u00e4nt\u00f6isesti kuukauden \nkuluessa).<\/p>\n","protected":false},"excerpt":{"rendered":"<p>1. Rekisterinpit\u00e4j\u00e4 Nivanp\u00e4\u00e4n Valokuituverkko osk, Katajatie 4, 95700 PelloNettisivujemme osoite on: https:\/\/nivanpaa.fi. 2. Rekisterist\u00e4 vastaava yhteyshenkil\u00f6 Esa Virtanen, esa@esavirtanen.fi, puh. 0500 392 144 3. Rekisterin nimi Verkkopalvelun k\u00e4ytt\u00e4j\u00e4rekisteri. 4. Oikeusperuste ja henkil\u00f6tietojen k\u00e4sittelyn tarkoitus EU:n yleisen tietosuoja-asetuksen mukainen oikeusperuste henkil\u00f6tietojen k\u00e4sittelylle on&#8211; henkil\u00f6n suostumus (dokumentoitu, vapaaehtoinen, yksil\u00f6ity, tietoinen ja yksiselitteinen) Henkil\u00f6tietojen k\u00e4sittelyn tarkoitus on yhteydenpito &#8230; <a title=\"Tietosuojaseloste\" class=\"read-more\" href=\"https:\/\/nivanpaa.fi\/index.php\/blogi\/privacy-policy\/\" aria-label=\"Lue lis\u00e4\u00e4 aiheesta Tietosuojaseloste\">Lue lis\u00e4\u00e4<\/a><\/p>\n","protected":false},"author":1,"featured_media":0,"parent":11,"menu_order":0,"comment_status":"closed","ping_status":"closed","template":"","meta":{"footnotes":""},"class_list":["post-3","page","type-page","status-publish"],"yoast_head":"<!-- This site is optimized with the Yoast SEO plugin v26.8 - https:\/\/yoast.com\/product\/yoast-seo-wordpress\/ -->\n<title>Tietosuojaseloste - Nivanp\u00e4\u00e4n valokuituverkko osk<\/title>\n<meta name=\"description\" content=\"T\u00e4m\u00e4 sivusto on Nivanp\u00e4\u00e4n valokuituverkko osk:n sivusto jolla kerrotaan meneill\u00e4\u00e4n olevasta valokuituverkon rakennushankkeesta.\" \/>\n<meta name=\"robots\" content=\"index, follow, max-snippet:-1, max-image-preview:large, max-video-preview:-1\" \/>\n<link rel=\"canonical\" href=\"https:\/\/nivanpaa.fi\/index.php\/blogi\/privacy-policy\/\" \/>\n<meta property=\"og:locale\" content=\"fi_FI\" \/>\n<meta property=\"og:type\" content=\"article\" \/>\n<meta property=\"og:title\" content=\"Tietosuojaseloste - Nivanp\u00e4\u00e4n valokuituverkko osk\" \/>\n<meta property=\"og:description\" content=\"T\u00e4m\u00e4 sivusto on Nivanp\u00e4\u00e4n valokuituverkko osk:n sivusto jolla kerrotaan meneill\u00e4\u00e4n olevasta valokuituverkon rakennushankkeesta.\" \/>\n<meta property=\"og:url\" content=\"https:\/\/nivanpaa.fi\/index.php\/blogi\/privacy-policy\/\" \/>\n<meta property=\"og:site_name\" content=\"Nivanp\u00e4\u00e4n valokuituverkko osk\" \/>\n<meta property=\"article:modified_time\" content=\"2019-09-02T18:27:52+00:00\" \/>\n<meta name=\"twitter:card\" content=\"summary_large_image\" \/>\n<meta name=\"twitter:label1\" content=\"Arvioitu lukuaika\" \/>\n\t<meta name=\"twitter:data1\" content=\"2 minuuttia\" \/>\n<script type=\"application\/ld+json\" class=\"yoast-schema-graph\">{\"@context\":\"https:\/\/schema.org\",\"@graph\":[{\"@type\":\"WebPage\",\"@id\":\"https:\/\/nivanpaa.fi\/index.php\/blogi\/privacy-policy\/\",\"url\":\"https:\/\/nivanpaa.fi\/index.php\/blogi\/privacy-policy\/\",\"name\":\"Tietosuojaseloste - Nivanp\u00e4\u00e4n valokuituverkko osk\",\"isPartOf\":{\"@id\":\"https:\/\/nivanpaa.fi\/#website\"},\"datePublished\":\"2019-08-16T09:39:14+00:00\",\"dateModified\":\"2019-09-02T18:27:52+00:00\",\"description\":\"T\u00e4m\u00e4 sivusto on Nivanp\u00e4\u00e4n valokuituverkko osk:n sivusto jolla kerrotaan meneill\u00e4\u00e4n olevasta valokuituverkon rakennushankkeesta.\",\"breadcrumb\":{\"@id\":\"https:\/\/nivanpaa.fi\/index.php\/blogi\/privacy-policy\/#breadcrumb\"},\"inLanguage\":\"fi\",\"potentialAction\":[{\"@type\":\"ReadAction\",\"target\":[\"https:\/\/nivanpaa.fi\/index.php\/blogi\/privacy-policy\/\"]}]},{\"@type\":\"BreadcrumbList\",\"@id\":\"https:\/\/nivanpaa.fi\/index.php\/blogi\/privacy-policy\/#breadcrumb\",\"itemListElement\":[{\"@type\":\"ListItem\",\"position\":1,\"name\":\"Home\",\"item\":\"https:\/\/nivanpaa.fi\/\"},{\"@type\":\"ListItem\",\"position\":2,\"name\":\"Blogi\",\"item\":\"https:\/\/nivanpaa.fi\/index.php\/blogi\/\"},{\"@type\":\"ListItem\",\"position\":3,\"name\":\"Tietosuojaseloste\"}]},{\"@type\":\"WebSite\",\"@id\":\"https:\/\/nivanpaa.fi\/#website\",\"url\":\"https:\/\/nivanpaa.fi\/\",\"name\":\"Nivanp\u00e4\u00e4n valokuituverkko osk\",\"description\":\"\",\"publisher\":{\"@id\":\"https:\/\/nivanpaa.fi\/#organization\"},\"potentialAction\":[{\"@type\":\"SearchAction\",\"target\":{\"@type\":\"EntryPoint\",\"urlTemplate\":\"https:\/\/nivanpaa.fi\/?s={search_term_string}\"},\"query-input\":{\"@type\":\"PropertyValueSpecification\",\"valueRequired\":true,\"valueName\":\"search_term_string\"}}],\"inLanguage\":\"fi\"},{\"@type\":\"Organization\",\"@id\":\"https:\/\/nivanpaa.fi\/#organization\",\"name\":\"Nivanp\u00e4\u00e4n valokuituverkko osk\",\"url\":\"https:\/\/nivanpaa.fi\/\",\"logo\":{\"@type\":\"ImageObject\",\"inLanguage\":\"fi\",\"@id\":\"https:\/\/nivanpaa.fi\/#\/schema\/logo\/image\/\",\"url\":\"https:\/\/nivanpaa.fi\/wp-content\/uploads\/2019\/08\/Logon-kuva.png\",\"contentUrl\":\"https:\/\/nivanpaa.fi\/wp-content\/uploads\/2019\/08\/Logon-kuva.png\",\"width\":457,\"height\":330,\"caption\":\"Nivanp\u00e4\u00e4n valokuituverkko osk\"},\"image\":{\"@id\":\"https:\/\/nivanpaa.fi\/#\/schema\/logo\/image\/\"}}]}<\/script>\n<!-- \/ Yoast SEO plugin. -->","yoast_head_json":{"title":"Tietosuojaseloste - Nivanp\u00e4\u00e4n valokuituverkko osk","description":"T\u00e4m\u00e4 sivusto on Nivanp\u00e4\u00e4n valokuituverkko osk:n sivusto jolla kerrotaan meneill\u00e4\u00e4n olevasta valokuituverkon rakennushankkeesta.","robots":{"index":"index","follow":"follow","max-snippet":"max-snippet:-1","max-image-preview":"max-image-preview:large","max-video-preview":"max-video-preview:-1"},"canonical":"https:\/\/nivanpaa.fi\/index.php\/blogi\/privacy-policy\/","og_locale":"fi_FI","og_type":"article","og_title":"Tietosuojaseloste - Nivanp\u00e4\u00e4n valokuituverkko osk","og_description":"T\u00e4m\u00e4 sivusto on Nivanp\u00e4\u00e4n valokuituverkko osk:n sivusto jolla kerrotaan meneill\u00e4\u00e4n olevasta valokuituverkon rakennushankkeesta.","og_url":"https:\/\/nivanpaa.fi\/index.php\/blogi\/privacy-policy\/","og_site_name":"Nivanp\u00e4\u00e4n valokuituverkko osk","article_modified_time":"2019-09-02T18:27:52+00:00","twitter_card":"summary_large_image","twitter_misc":{"Arvioitu lukuaika":"2 minuuttia"},"schema":{"@context":"https:\/\/schema.org","@graph":[{"@type":"WebPage","@id":"https:\/\/nivanpaa.fi\/index.php\/blogi\/privacy-policy\/","url":"https:\/\/nivanpaa.fi\/index.php\/blogi\/privacy-policy\/","name":"Tietosuojaseloste - Nivanp\u00e4\u00e4n valokuituverkko osk","isPartOf":{"@id":"https:\/\/nivanpaa.fi\/#website"},"datePublished":"2019-08-16T09:39:14+00:00","dateModified":"2019-09-02T18:27:52+00:00","description":"T\u00e4m\u00e4 sivusto on Nivanp\u00e4\u00e4n valokuituverkko osk:n sivusto jolla kerrotaan meneill\u00e4\u00e4n olevasta valokuituverkon rakennushankkeesta.","breadcrumb":{"@id":"https:\/\/nivanpaa.fi\/index.php\/blogi\/privacy-policy\/#breadcrumb"},"inLanguage":"fi","potentialAction":[{"@type":"ReadAction","target":["https:\/\/nivanpaa.fi\/index.php\/blogi\/privacy-policy\/"]}]},{"@type":"BreadcrumbList","@id":"https:\/\/nivanpaa.fi\/index.php\/blogi\/privacy-policy\/#breadcrumb","itemListElement":[{"@type":"ListItem","position":1,"name":"Home","item":"https:\/\/nivanpaa.fi\/"},{"@type":"ListItem","position":2,"name":"Blogi","item":"https:\/\/nivanpaa.fi\/index.php\/blogi\/"},{"@type":"ListItem","position":3,"name":"Tietosuojaseloste"}]},{"@type":"WebSite","@id":"https:\/\/nivanpaa.fi\/#website","url":"https:\/\/nivanpaa.fi\/","name":"Nivanp\u00e4\u00e4n valokuituverkko osk","description":"","publisher":{"@id":"https:\/\/nivanpaa.fi\/#organization"},"potentialAction":[{"@type":"SearchAction","target":{"@type":"EntryPoint","urlTemplate":"https:\/\/nivanpaa.fi\/?s={search_term_string}"},"query-input":{"@type":"PropertyValueSpecification","valueRequired":true,"valueName":"search_term_string"}}],"inLanguage":"fi"},{"@type":"Organization","@id":"https:\/\/nivanpaa.fi\/#organization","name":"Nivanp\u00e4\u00e4n valokuituverkko osk","url":"https:\/\/nivanpaa.fi\/","logo":{"@type":"ImageObject","inLanguage":"fi","@id":"https:\/\/nivanpaa.fi\/#\/schema\/logo\/image\/","url":"https:\/\/nivanpaa.fi\/wp-content\/uploads\/2019\/08\/Logon-kuva.png","contentUrl":"https:\/\/nivanpaa.fi\/wp-content\/uploads\/2019\/08\/Logon-kuva.png","width":457,"height":330,"caption":"Nivanp\u00e4\u00e4n valokuituverkko osk"},"image":{"@id":"https:\/\/nivanpaa.fi\/#\/schema\/logo\/image\/"}}]}},"_links":{"self":[{"href":"https:\/\/nivanpaa.fi\/index.php\/wp-json\/wp\/v2\/pages\/3","targetHints":{"allow":["GET"]}}],"collection":[{"href":"https:\/\/nivanpaa.fi\/index.php\/wp-json\/wp\/v2\/pages"}],"about":[{"href":"https:\/\/nivanpaa.fi\/index.php\/wp-json\/wp\/v2\/types\/page"}],"author":[{"embeddable":true,"href":"https:\/\/nivanpaa.fi\/index.php\/wp-json\/wp\/v2\/users\/1"}],"replies":[{"embeddable":true,"href":"https:\/\/nivanpaa.fi\/index.php\/wp-json\/wp\/v2\/comments?post=3"}],"version-history":[{"count":4,"href":"https:\/\/nivanpaa.fi\/index.php\/wp-json\/wp\/v2\/pages\/3\/revisions"}],"predecessor-version":[{"id":117,"href":"https:\/\/nivanpaa.fi\/index.php\/wp-json\/wp\/v2\/pages\/3\/revisions\/117"}],"up":[{"embeddable":true,"href":"https:\/\/nivanpaa.fi\/index.php\/wp-json\/wp\/v2\/pages\/11"}],"wp:attachment":[{"href":"https:\/\/nivanpaa.fi\/index.php\/wp-json\/wp\/v2\/media?parent=3"}],"curies":[{"name":"wp","href":"https:\/\/api.w.org\/{rel}","templated":true}]}}