{"id":387,"date":"2020-02-04T09:54:04","date_gmt":"2020-02-04T09:54:04","guid":{"rendered":"https:\/\/nivanpaa.fi\/?page_id=387"},"modified":"2025-03-04T20:18:49","modified_gmt":"2025-03-04T20:18:49","slug":"linkit-ja-muuta","status":"publish","type":"page","link":"https:\/\/nivanpaa.fi\/index.php\/linkit-ja-muuta\/","title":{"rendered":"Linkkej\u00e4 ja muuta"},"content":{"rendered":"\n<p><a href=\"https:\/\/lounea.fi\/\">Lounea<\/a><\/p>\n\n\n\n<p><strong>Kuituverkkojen asiakastuki:<\/strong><br><a href=\"mailto:kuituverkot@lounea.fi\"><a href=\"mailto:asiakaspalvelu@lounea.fi\">asiakaspalvelu@lounea.fi<\/a><\/a><br>p. 09 6829 6010 (arkisin klo 9-18, lauantaisin klo 12-16)<\/p>\n\n\n\n<p><strong>Vika ja h\u00e4iri\u00f6asiat:<\/strong><br><a href=\"mailto:kuituverkkolaskutus@lounea.fi\"><a href=\"mailto:asiakastuki@lounea.fi\">asiakastuki@lounea.fi<\/a><\/a><br>p. 09 6829 6015 (arkisin klo 9-16)<\/p>\n\n\n\n<p><strong>Ajankohtaiset h\u00e4iri\u00f6tiedotteet:<\/strong><br><a href=\"https:\/\/lounea.fi\/tuki-ja-ohjeet\/hairiot-ja-huoltokatkot)\">https:\/\/lounea.fi\/tuki-ja-ohjeet\/hairiot-ja-huoltokatkot)<\/a><\/p>\n\n\n\n<p><br><a aria-label=\"Maxivision Oy (avautuu uudessa v\u00e4lilehdess\u00e4)\" href=\"https:\/\/maxivision.fi\/login\" target=\"_blank\" rel=\"noreferrer noopener\">Maxivision Oy<\/a><br><a aria-label=\"CTS FWR5-3105  wifi k\u00e4ytt\u00f6ohje (avautuu uudessa v\u00e4lilehdess\u00e4)\" href=\"https:\/\/nivanpaa.fi\/wp-content\/uploads\/2020\/02\/CTS_FRW5-3105-k\u00e4ytt\u00f6ohje-v1.0.pdf\" target=\"_blank\" rel=\"noreferrer noopener\">CTS FWR5-3105  wifi k\u00e4ytt\u00f6ohje<\/a><br><a aria-label=\"TP-Link MC 220L Mediamuunnin (avautuu uudessa v\u00e4lilehdess\u00e4)\" href=\"https:\/\/www.tp-link.com\/fi\/business-networking\/accessory\/mc220l\/?utm_medium=select-local\" target=\"_blank\" rel=\"noreferrer noopener\">TP-Link MC 220L Mediamuunnin<\/a><br><a aria-label=\" (avautuu uudessa v\u00e4lilehdess\u00e4)\" href=\"https:\/\/nivanpaa.fi\/wp-content\/uploads\/2020\/01\/Priaatekuva-laitteiden-kytkenn\u00e4st\u00e4.jpg\" target=\"_blank\" rel=\"noreferrer noopener\">Periaatekuva kytkenn\u00e4st\u00e4<\/a><br><\/p>\n\n\n\n<p><br><\/p>\n\n\n\n<p><br><br><\/p>\n","protected":false},"excerpt":{"rendered":"<p>Lounea Kuituverkkojen asiakastuki:asiakaspalvelu@lounea.fip. 09 6829 6010 (arkisin klo 9-18, lauantaisin klo 12-16) Vika ja h\u00e4iri\u00f6asiat:asiakastuki@lounea.fip. 09 6829 6015 (arkisin klo 9-16) Ajankohtaiset h\u00e4iri\u00f6tiedotteet:https:\/\/lounea.fi\/tuki-ja-ohjeet\/hairiot-ja-huoltokatkot) Maxivision OyCTS FWR5-3105 wifi k\u00e4ytt\u00f6ohjeTP-Link MC 220L MediamuunninPeriaatekuva kytkenn\u00e4st\u00e4<\/p>\n","protected":false},"author":1,"featured_media":0,"parent":0,"menu_order":0,"comment_status":"closed","ping_status":"closed","template":"","meta":{"footnotes":""},"class_list":["post-387","page","type-page","status-publish"],"yoast_head":"<!-- This site is optimized with the Yoast SEO plugin v26.8 - https:\/\/yoast.com\/product\/yoast-seo-wordpress\/ -->\n<title>Linkkej\u00e4 ja muuta - Nivanp\u00e4\u00e4n valokuituverkko osk<\/title>\n<meta name=\"description\" content=\"T\u00e4m\u00e4 sivusto on Nivanp\u00e4\u00e4n valokuituverkko osk:n sivusto jolla kerrotaan meneill\u00e4\u00e4n olevasta valokuituverkon rakennushankkeesta.\" \/>\n<meta name=\"robots\" content=\"index, follow, max-snippet:-1, max-image-preview:large, max-video-preview:-1\" \/>\n<link rel=\"canonical\" href=\"https:\/\/nivanpaa.fi\/index.php\/linkit-ja-muuta\/\" \/>\n<meta property=\"og:locale\" content=\"fi_FI\" \/>\n<meta property=\"og:type\" content=\"article\" \/>\n<meta property=\"og:title\" content=\"Linkkej\u00e4 ja muuta - Nivanp\u00e4\u00e4n valokuituverkko osk\" \/>\n<meta property=\"og:description\" content=\"T\u00e4m\u00e4 sivusto on Nivanp\u00e4\u00e4n valokuituverkko osk:n sivusto jolla kerrotaan meneill\u00e4\u00e4n olevasta valokuituverkon rakennushankkeesta.\" \/>\n<meta property=\"og:url\" content=\"https:\/\/nivanpaa.fi\/index.php\/linkit-ja-muuta\/\" \/>\n<meta property=\"og:site_name\" content=\"Nivanp\u00e4\u00e4n valokuituverkko osk\" \/>\n<meta property=\"article:modified_time\" content=\"2025-03-04T20:18:49+00:00\" \/>\n<meta name=\"twitter:card\" content=\"summary_large_image\" \/>\n<meta name=\"twitter:label1\" content=\"Arvioitu lukuaika\" \/>\n\t<meta name=\"twitter:data1\" content=\"1 minuutti\" \/>\n<script type=\"application\/ld+json\" class=\"yoast-schema-graph\">{\"@context\":\"https:\/\/schema.org\",\"@graph\":[{\"@type\":\"WebPage\",\"@id\":\"https:\/\/nivanpaa.fi\/index.php\/linkit-ja-muuta\/\",\"url\":\"https:\/\/nivanpaa.fi\/index.php\/linkit-ja-muuta\/\",\"name\":\"Linkkej\u00e4 ja muuta - Nivanp\u00e4\u00e4n valokuituverkko osk\",\"isPartOf\":{\"@id\":\"https:\/\/nivanpaa.fi\/#website\"},\"datePublished\":\"2020-02-04T09:54:04+00:00\",\"dateModified\":\"2025-03-04T20:18:49+00:00\",\"description\":\"T\u00e4m\u00e4 sivusto on Nivanp\u00e4\u00e4n valokuituverkko osk:n sivusto jolla kerrotaan meneill\u00e4\u00e4n olevasta valokuituverkon rakennushankkeesta.\",\"breadcrumb\":{\"@id\":\"https:\/\/nivanpaa.fi\/index.php\/linkit-ja-muuta\/#breadcrumb\"},\"inLanguage\":\"fi\",\"potentialAction\":[{\"@type\":\"ReadAction\",\"target\":[\"https:\/\/nivanpaa.fi\/index.php\/linkit-ja-muuta\/\"]}]},{\"@type\":\"BreadcrumbList\",\"@id\":\"https:\/\/nivanpaa.fi\/index.php\/linkit-ja-muuta\/#breadcrumb\",\"itemListElement\":[{\"@type\":\"ListItem\",\"position\":1,\"name\":\"Home\",\"item\":\"https:\/\/nivanpaa.fi\/\"},{\"@type\":\"ListItem\",\"position\":2,\"name\":\"Linkkej\u00e4 ja muuta\"}]},{\"@type\":\"WebSite\",\"@id\":\"https:\/\/nivanpaa.fi\/#website\",\"url\":\"https:\/\/nivanpaa.fi\/\",\"name\":\"Nivanp\u00e4\u00e4n valokuituverkko osk\",\"description\":\"\",\"publisher\":{\"@id\":\"https:\/\/nivanpaa.fi\/#organization\"},\"potentialAction\":[{\"@type\":\"SearchAction\",\"target\":{\"@type\":\"EntryPoint\",\"urlTemplate\":\"https:\/\/nivanpaa.fi\/?s={search_term_string}\"},\"query-input\":{\"@type\":\"PropertyValueSpecification\",\"valueRequired\":true,\"valueName\":\"search_term_string\"}}],\"inLanguage\":\"fi\"},{\"@type\":\"Organization\",\"@id\":\"https:\/\/nivanpaa.fi\/#organization\",\"name\":\"Nivanp\u00e4\u00e4n valokuituverkko osk\",\"url\":\"https:\/\/nivanpaa.fi\/\",\"logo\":{\"@type\":\"ImageObject\",\"inLanguage\":\"fi\",\"@id\":\"https:\/\/nivanpaa.fi\/#\/schema\/logo\/image\/\",\"url\":\"https:\/\/nivanpaa.fi\/wp-content\/uploads\/2019\/08\/Logon-kuva.png\",\"contentUrl\":\"https:\/\/nivanpaa.fi\/wp-content\/uploads\/2019\/08\/Logon-kuva.png\",\"width\":457,\"height\":330,\"caption\":\"Nivanp\u00e4\u00e4n valokuituverkko osk\"},\"image\":{\"@id\":\"https:\/\/nivanpaa.fi\/#\/schema\/logo\/image\/\"}}]}<\/script>\n<!-- \/ Yoast SEO plugin. -->","yoast_head_json":{"title":"Linkkej\u00e4 ja muuta - Nivanp\u00e4\u00e4n valokuituverkko osk","description":"T\u00e4m\u00e4 sivusto on Nivanp\u00e4\u00e4n valokuituverkko osk:n sivusto jolla kerrotaan meneill\u00e4\u00e4n olevasta valokuituverkon rakennushankkeesta.","robots":{"index":"index","follow":"follow","max-snippet":"max-snippet:-1","max-image-preview":"max-image-preview:large","max-video-preview":"max-video-preview:-1"},"canonical":"https:\/\/nivanpaa.fi\/index.php\/linkit-ja-muuta\/","og_locale":"fi_FI","og_type":"article","og_title":"Linkkej\u00e4 ja muuta - Nivanp\u00e4\u00e4n valokuituverkko osk","og_description":"T\u00e4m\u00e4 sivusto on Nivanp\u00e4\u00e4n valokuituverkko osk:n sivusto jolla kerrotaan meneill\u00e4\u00e4n olevasta valokuituverkon rakennushankkeesta.","og_url":"https:\/\/nivanpaa.fi\/index.php\/linkit-ja-muuta\/","og_site_name":"Nivanp\u00e4\u00e4n valokuituverkko osk","article_modified_time":"2025-03-04T20:18:49+00:00","twitter_card":"summary_large_image","twitter_misc":{"Arvioitu lukuaika":"1 minuutti"},"schema":{"@context":"https:\/\/schema.org","@graph":[{"@type":"WebPage","@id":"https:\/\/nivanpaa.fi\/index.php\/linkit-ja-muuta\/","url":"https:\/\/nivanpaa.fi\/index.php\/linkit-ja-muuta\/","name":"Linkkej\u00e4 ja muuta - Nivanp\u00e4\u00e4n valokuituverkko osk","isPartOf":{"@id":"https:\/\/nivanpaa.fi\/#website"},"datePublished":"2020-02-04T09:54:04+00:00","dateModified":"2025-03-04T20:18:49+00:00","description":"T\u00e4m\u00e4 sivusto on Nivanp\u00e4\u00e4n valokuituverkko osk:n sivusto jolla kerrotaan meneill\u00e4\u00e4n olevasta valokuituverkon rakennushankkeesta.","breadcrumb":{"@id":"https:\/\/nivanpaa.fi\/index.php\/linkit-ja-muuta\/#breadcrumb"},"inLanguage":"fi","potentialAction":[{"@type":"ReadAction","target":["https:\/\/nivanpaa.fi\/index.php\/linkit-ja-muuta\/"]}]},{"@type":"BreadcrumbList","@id":"https:\/\/nivanpaa.fi\/index.php\/linkit-ja-muuta\/#breadcrumb","itemListElement":[{"@type":"ListItem","position":1,"name":"Home","item":"https:\/\/nivanpaa.fi\/"},{"@type":"ListItem","position":2,"name":"Linkkej\u00e4 ja muuta"}]},{"@type":"WebSite","@id":"https:\/\/nivanpaa.fi\/#website","url":"https:\/\/nivanpaa.fi\/","name":"Nivanp\u00e4\u00e4n valokuituverkko osk","description":"","publisher":{"@id":"https:\/\/nivanpaa.fi\/#organization"},"potentialAction":[{"@type":"SearchAction","target":{"@type":"EntryPoint","urlTemplate":"https:\/\/nivanpaa.fi\/?s={search_term_string}"},"query-input":{"@type":"PropertyValueSpecification","valueRequired":true,"valueName":"search_term_string"}}],"inLanguage":"fi"},{"@type":"Organization","@id":"https:\/\/nivanpaa.fi\/#organization","name":"Nivanp\u00e4\u00e4n valokuituverkko osk","url":"https:\/\/nivanpaa.fi\/","logo":{"@type":"ImageObject","inLanguage":"fi","@id":"https:\/\/nivanpaa.fi\/#\/schema\/logo\/image\/","url":"https:\/\/nivanpaa.fi\/wp-content\/uploads\/2019\/08\/Logon-kuva.png","contentUrl":"https:\/\/nivanpaa.fi\/wp-content\/uploads\/2019\/08\/Logon-kuva.png","width":457,"height":330,"caption":"Nivanp\u00e4\u00e4n valokuituverkko osk"},"image":{"@id":"https:\/\/nivanpaa.fi\/#\/schema\/logo\/image\/"}}]}},"_links":{"self":[{"href":"https:\/\/nivanpaa.fi\/index.php\/wp-json\/wp\/v2\/pages\/387","targetHints":{"allow":["GET"]}}],"collection":[{"href":"https:\/\/nivanpaa.fi\/index.php\/wp-json\/wp\/v2\/pages"}],"about":[{"href":"https:\/\/nivanpaa.fi\/index.php\/wp-json\/wp\/v2\/types\/page"}],"author":[{"embeddable":true,"href":"https:\/\/nivanpaa.fi\/index.php\/wp-json\/wp\/v2\/users\/1"}],"replies":[{"embeddable":true,"href":"https:\/\/nivanpaa.fi\/index.php\/wp-json\/wp\/v2\/comments?post=387"}],"version-history":[{"count":21,"href":"https:\/\/nivanpaa.fi\/index.php\/wp-json\/wp\/v2\/pages\/387\/revisions"}],"predecessor-version":[{"id":797,"href":"https:\/\/nivanpaa.fi\/index.php\/wp-json\/wp\/v2\/pages\/387\/revisions\/797"}],"wp:attachment":[{"href":"https:\/\/nivanpaa.fi\/index.php\/wp-json\/wp\/v2\/media?parent=387"}],"curies":[{"name":"wp","href":"https:\/\/api.w.org\/{rel}","templated":true}]}}