{"id":450,"date":"2020-06-11T19:23:45","date_gmt":"2020-06-11T19:23:45","guid":{"rendered":"https:\/\/nivanpaa.fi\/?page_id=450"},"modified":"2022-05-20T12:12:45","modified_gmt":"2022-05-20T12:12:45","slug":"pankkiyhteys","status":"publish","type":"page","link":"https:\/\/nivanpaa.fi\/index.php\/pankkiyhteys\/","title":{"rendered":"Pankkiyhteys"},"content":{"rendered":"\n<p>Tili N:o:                    Nordea Bank FI45 1544 3000 1373 28<br>Kuukausimaksut:     Nordea Bank FI21 1544 3000 2040 11<\/p>\n\n\n\n<p><\/p>\n\n\n\n<p>Verkkolaskuosoite:   003730178723<br>Operaattoritunnus:   003730178723<br>V\u00e4litt\u00e4j\u00e4:                    Apix Messaging Oy      <\/p>\n\n\n\n<p>Y-Tunnus:    &nbsp;3017872-3<\/p>\n","protected":false},"excerpt":{"rendered":"<p>Tili N:o: Nordea Bank FI45 1544 3000 1373 28Kuukausimaksut: Nordea Bank FI21 1544 3000 2040 11 Verkkolaskuosoite: 003730178723Operaattoritunnus: 003730178723V\u00e4litt\u00e4j\u00e4: Apix Messaging Oy Y-Tunnus: &nbsp;3017872-3<\/p>\n","protected":false},"author":1,"featured_media":0,"parent":0,"menu_order":0,"comment_status":"closed","ping_status":"closed","template":"","meta":{"footnotes":""},"class_list":["post-450","page","type-page","status-publish"],"yoast_head":"<!-- This site is optimized with the Yoast SEO plugin v26.8 - https:\/\/yoast.com\/product\/yoast-seo-wordpress\/ -->\n<title>Pankkiyhteys - Nivanp\u00e4\u00e4n valokuituverkko osk<\/title>\n<meta name=\"description\" content=\"T\u00e4m\u00e4 sivusto on Nivanp\u00e4\u00e4n valokuituverkko osk:n sivusto jolla kerrotaan meneill\u00e4\u00e4n olevasta valokuituverkon rakennushankkeesta.\" \/>\n<meta name=\"robots\" content=\"index, follow, max-snippet:-1, max-image-preview:large, max-video-preview:-1\" \/>\n<link rel=\"canonical\" href=\"https:\/\/nivanpaa.fi\/index.php\/pankkiyhteys\/\" \/>\n<meta property=\"og:locale\" content=\"fi_FI\" \/>\n<meta property=\"og:type\" content=\"article\" \/>\n<meta property=\"og:title\" content=\"Pankkiyhteys - Nivanp\u00e4\u00e4n valokuituverkko osk\" \/>\n<meta property=\"og:description\" content=\"T\u00e4m\u00e4 sivusto on Nivanp\u00e4\u00e4n valokuituverkko osk:n sivusto jolla kerrotaan meneill\u00e4\u00e4n olevasta valokuituverkon rakennushankkeesta.\" \/>\n<meta property=\"og:url\" content=\"https:\/\/nivanpaa.fi\/index.php\/pankkiyhteys\/\" \/>\n<meta property=\"og:site_name\" content=\"Nivanp\u00e4\u00e4n valokuituverkko osk\" \/>\n<meta property=\"article:modified_time\" content=\"2022-05-20T12:12:45+00:00\" \/>\n<meta name=\"twitter:card\" content=\"summary_large_image\" \/>\n<meta name=\"twitter:label1\" content=\"Arvioitu lukuaika\" \/>\n\t<meta name=\"twitter:data1\" content=\"1 minuutti\" \/>\n<script type=\"application\/ld+json\" class=\"yoast-schema-graph\">{\"@context\":\"https:\/\/schema.org\",\"@graph\":[{\"@type\":\"WebPage\",\"@id\":\"https:\/\/nivanpaa.fi\/index.php\/pankkiyhteys\/\",\"url\":\"https:\/\/nivanpaa.fi\/index.php\/pankkiyhteys\/\",\"name\":\"Pankkiyhteys - Nivanp\u00e4\u00e4n valokuituverkko osk\",\"isPartOf\":{\"@id\":\"https:\/\/nivanpaa.fi\/#website\"},\"datePublished\":\"2020-06-11T19:23:45+00:00\",\"dateModified\":\"2022-05-20T12:12:45+00:00\",\"description\":\"T\u00e4m\u00e4 sivusto on Nivanp\u00e4\u00e4n valokuituverkko osk:n sivusto jolla kerrotaan meneill\u00e4\u00e4n olevasta valokuituverkon rakennushankkeesta.\",\"breadcrumb\":{\"@id\":\"https:\/\/nivanpaa.fi\/index.php\/pankkiyhteys\/#breadcrumb\"},\"inLanguage\":\"fi\",\"potentialAction\":[{\"@type\":\"ReadAction\",\"target\":[\"https:\/\/nivanpaa.fi\/index.php\/pankkiyhteys\/\"]}]},{\"@type\":\"BreadcrumbList\",\"@id\":\"https:\/\/nivanpaa.fi\/index.php\/pankkiyhteys\/#breadcrumb\",\"itemListElement\":[{\"@type\":\"ListItem\",\"position\":1,\"name\":\"Home\",\"item\":\"https:\/\/nivanpaa.fi\/\"},{\"@type\":\"ListItem\",\"position\":2,\"name\":\"Pankkiyhteys\"}]},{\"@type\":\"WebSite\",\"@id\":\"https:\/\/nivanpaa.fi\/#website\",\"url\":\"https:\/\/nivanpaa.fi\/\",\"name\":\"Nivanp\u00e4\u00e4n valokuituverkko osk\",\"description\":\"\",\"publisher\":{\"@id\":\"https:\/\/nivanpaa.fi\/#organization\"},\"potentialAction\":[{\"@type\":\"SearchAction\",\"target\":{\"@type\":\"EntryPoint\",\"urlTemplate\":\"https:\/\/nivanpaa.fi\/?s={search_term_string}\"},\"query-input\":{\"@type\":\"PropertyValueSpecification\",\"valueRequired\":true,\"valueName\":\"search_term_string\"}}],\"inLanguage\":\"fi\"},{\"@type\":\"Organization\",\"@id\":\"https:\/\/nivanpaa.fi\/#organization\",\"name\":\"Nivanp\u00e4\u00e4n valokuituverkko osk\",\"url\":\"https:\/\/nivanpaa.fi\/\",\"logo\":{\"@type\":\"ImageObject\",\"inLanguage\":\"fi\",\"@id\":\"https:\/\/nivanpaa.fi\/#\/schema\/logo\/image\/\",\"url\":\"https:\/\/nivanpaa.fi\/wp-content\/uploads\/2019\/08\/Logon-kuva.png\",\"contentUrl\":\"https:\/\/nivanpaa.fi\/wp-content\/uploads\/2019\/08\/Logon-kuva.png\",\"width\":457,\"height\":330,\"caption\":\"Nivanp\u00e4\u00e4n valokuituverkko osk\"},\"image\":{\"@id\":\"https:\/\/nivanpaa.fi\/#\/schema\/logo\/image\/\"}}]}<\/script>\n<!-- \/ Yoast SEO plugin. -->","yoast_head_json":{"title":"Pankkiyhteys - Nivanp\u00e4\u00e4n valokuituverkko osk","description":"T\u00e4m\u00e4 sivusto on Nivanp\u00e4\u00e4n valokuituverkko osk:n sivusto jolla kerrotaan meneill\u00e4\u00e4n olevasta valokuituverkon rakennushankkeesta.","robots":{"index":"index","follow":"follow","max-snippet":"max-snippet:-1","max-image-preview":"max-image-preview:large","max-video-preview":"max-video-preview:-1"},"canonical":"https:\/\/nivanpaa.fi\/index.php\/pankkiyhteys\/","og_locale":"fi_FI","og_type":"article","og_title":"Pankkiyhteys - Nivanp\u00e4\u00e4n valokuituverkko osk","og_description":"T\u00e4m\u00e4 sivusto on Nivanp\u00e4\u00e4n valokuituverkko osk:n sivusto jolla kerrotaan meneill\u00e4\u00e4n olevasta valokuituverkon rakennushankkeesta.","og_url":"https:\/\/nivanpaa.fi\/index.php\/pankkiyhteys\/","og_site_name":"Nivanp\u00e4\u00e4n valokuituverkko osk","article_modified_time":"2022-05-20T12:12:45+00:00","twitter_card":"summary_large_image","twitter_misc":{"Arvioitu lukuaika":"1 minuutti"},"schema":{"@context":"https:\/\/schema.org","@graph":[{"@type":"WebPage","@id":"https:\/\/nivanpaa.fi\/index.php\/pankkiyhteys\/","url":"https:\/\/nivanpaa.fi\/index.php\/pankkiyhteys\/","name":"Pankkiyhteys - Nivanp\u00e4\u00e4n valokuituverkko osk","isPartOf":{"@id":"https:\/\/nivanpaa.fi\/#website"},"datePublished":"2020-06-11T19:23:45+00:00","dateModified":"2022-05-20T12:12:45+00:00","description":"T\u00e4m\u00e4 sivusto on Nivanp\u00e4\u00e4n valokuituverkko osk:n sivusto jolla kerrotaan meneill\u00e4\u00e4n olevasta valokuituverkon rakennushankkeesta.","breadcrumb":{"@id":"https:\/\/nivanpaa.fi\/index.php\/pankkiyhteys\/#breadcrumb"},"inLanguage":"fi","potentialAction":[{"@type":"ReadAction","target":["https:\/\/nivanpaa.fi\/index.php\/pankkiyhteys\/"]}]},{"@type":"BreadcrumbList","@id":"https:\/\/nivanpaa.fi\/index.php\/pankkiyhteys\/#breadcrumb","itemListElement":[{"@type":"ListItem","position":1,"name":"Home","item":"https:\/\/nivanpaa.fi\/"},{"@type":"ListItem","position":2,"name":"Pankkiyhteys"}]},{"@type":"WebSite","@id":"https:\/\/nivanpaa.fi\/#website","url":"https:\/\/nivanpaa.fi\/","name":"Nivanp\u00e4\u00e4n valokuituverkko osk","description":"","publisher":{"@id":"https:\/\/nivanpaa.fi\/#organization"},"potentialAction":[{"@type":"SearchAction","target":{"@type":"EntryPoint","urlTemplate":"https:\/\/nivanpaa.fi\/?s={search_term_string}"},"query-input":{"@type":"PropertyValueSpecification","valueRequired":true,"valueName":"search_term_string"}}],"inLanguage":"fi"},{"@type":"Organization","@id":"https:\/\/nivanpaa.fi\/#organization","name":"Nivanp\u00e4\u00e4n valokuituverkko osk","url":"https:\/\/nivanpaa.fi\/","logo":{"@type":"ImageObject","inLanguage":"fi","@id":"https:\/\/nivanpaa.fi\/#\/schema\/logo\/image\/","url":"https:\/\/nivanpaa.fi\/wp-content\/uploads\/2019\/08\/Logon-kuva.png","contentUrl":"https:\/\/nivanpaa.fi\/wp-content\/uploads\/2019\/08\/Logon-kuva.png","width":457,"height":330,"caption":"Nivanp\u00e4\u00e4n valokuituverkko osk"},"image":{"@id":"https:\/\/nivanpaa.fi\/#\/schema\/logo\/image\/"}}]}},"_links":{"self":[{"href":"https:\/\/nivanpaa.fi\/index.php\/wp-json\/wp\/v2\/pages\/450","targetHints":{"allow":["GET"]}}],"collection":[{"href":"https:\/\/nivanpaa.fi\/index.php\/wp-json\/wp\/v2\/pages"}],"about":[{"href":"https:\/\/nivanpaa.fi\/index.php\/wp-json\/wp\/v2\/types\/page"}],"author":[{"embeddable":true,"href":"https:\/\/nivanpaa.fi\/index.php\/wp-json\/wp\/v2\/users\/1"}],"replies":[{"embeddable":true,"href":"https:\/\/nivanpaa.fi\/index.php\/wp-json\/wp\/v2\/comments?post=450"}],"version-history":[{"count":5,"href":"https:\/\/nivanpaa.fi\/index.php\/wp-json\/wp\/v2\/pages\/450\/revisions"}],"predecessor-version":[{"id":726,"href":"https:\/\/nivanpaa.fi\/index.php\/wp-json\/wp\/v2\/pages\/450\/revisions\/726"}],"wp:attachment":[{"href":"https:\/\/nivanpaa.fi\/index.php\/wp-json\/wp\/v2\/media?parent=450"}],"curies":[{"name":"wp","href":"https:\/\/api.w.org\/{rel}","templated":true}]}}