{"id":9,"date":"2019-08-16T13:47:21","date_gmt":"2019-08-16T13:47:21","guid":{"rendered":"https:\/\/nivanpaa.fi\/?page_id=9"},"modified":"2020-01-16T20:00:56","modified_gmt":"2020-01-16T20:00:56","slug":"osuuskunta","status":"publish","type":"page","link":"https:\/\/nivanpaa.fi\/index.php\/osuuskunta\/","title":{"rendered":"Osuuskunta"},"content":{"rendered":"<p><strong>Nivanp\u00e4\u00e4n valokuituverkko osk<\/strong><\/p>\n<p><span class=\"fontstyle0\">TOIMIALA<br \/>Osuuskunnan toiminnan periaatteena on toimia voittoa tavoittelemattomasti ja tuottaa j\u00e4senilleen osuuskunnan toimialaan liittyvi\u00e4 palveluja. Osuuskunnan toimialana on hankkia, rakentaa, omistaa, yll\u00e4pit\u00e4\u00e4, hoitaa, myyd\u00e4 ja vuokrata hallinnassaan olevaa tietoliikenneverkkoa (my\u00f6hemmin verkko) ja sen liittymi\u00e4. Osuuskunta voi ostaa, myyd\u00e4, v\u00e4litt\u00e4\u00e4, vuokrata ja tuottaa verkkoon liittyvi\u00e4 palveluja ja laitteita sek\u00e4 siihen liittyvi\u00e4 ATK- ja tietoliikennepalveluja, -ohjelmistoja ja \u2013laitteita. Osuuskunta voi ostaa, myyd\u00e4, vuokrata ja hallita kiinteist\u00f6j\u00e4, arvopapereita tai muuta omaisuutta. Osuuskunta voi my\u00f6s hallinnoida t\u00e4m\u00e4n verkon luomiseen ja kehitt\u00e4miseen t\u00e4ht\u00e4\u00e4vi\u00e4 hankkeita. Osuuskunnan tarkoituksena on verkon antamin edellytyksin tukea kest\u00e4v\u00e4\u00e4 kehityst\u00e4.<\/span><\/p>\n<p>Y-tunnus: 3017872-3<br \/>info@nivanpaa.fi<\/p>\n\n\n<p><\/p>\n","protected":false},"excerpt":{"rendered":"<p>Nivanp\u00e4\u00e4n valokuituverkko osk TOIMIALAOsuuskunnan toiminnan periaatteena on toimia voittoa tavoittelemattomasti ja tuottaa j\u00e4senilleen osuuskunnan toimialaan liittyvi\u00e4 palveluja. Osuuskunnan toimialana on hankkia, rakentaa, omistaa, yll\u00e4pit\u00e4\u00e4, hoitaa, myyd\u00e4 ja vuokrata hallinnassaan olevaa tietoliikenneverkkoa (my\u00f6hemmin verkko) ja sen liittymi\u00e4. Osuuskunta voi ostaa, myyd\u00e4, v\u00e4litt\u00e4\u00e4, vuokrata ja tuottaa verkkoon liittyvi\u00e4 palveluja ja laitteita sek\u00e4 siihen liittyvi\u00e4 ATK- ja tietoliikennepalveluja, &#8230; <a title=\"Osuuskunta\" class=\"read-more\" href=\"https:\/\/nivanpaa.fi\/index.php\/osuuskunta\/\" aria-label=\"Lue lis\u00e4\u00e4 aiheesta Osuuskunta\">Lue lis\u00e4\u00e4<\/a><\/p>\n","protected":false},"author":1,"featured_media":0,"parent":0,"menu_order":0,"comment_status":"closed","ping_status":"closed","template":"","meta":{"footnotes":""},"class_list":["post-9","page","type-page","status-publish"],"yoast_head":"<!-- This site is optimized with the Yoast SEO plugin v26.8 - https:\/\/yoast.com\/product\/yoast-seo-wordpress\/ -->\n<title>Osuuskunta - Nivanp\u00e4\u00e4n valokuituverkko osk<\/title>\n<meta name=\"description\" content=\"T\u00e4m\u00e4 sivusto on Nivanp\u00e4\u00e4n valokuituverkko osk:n sivusto jolla kerrotaan meneill\u00e4\u00e4n olevasta valokuituverkon rakennushankkeesta.\" \/>\n<meta name=\"robots\" content=\"index, follow, max-snippet:-1, max-image-preview:large, max-video-preview:-1\" \/>\n<link rel=\"canonical\" href=\"https:\/\/nivanpaa.fi\/index.php\/osuuskunta\/\" \/>\n<meta property=\"og:locale\" content=\"fi_FI\" \/>\n<meta property=\"og:type\" content=\"article\" \/>\n<meta property=\"og:title\" content=\"Osuuskunta - Nivanp\u00e4\u00e4n valokuituverkko osk\" \/>\n<meta property=\"og:description\" content=\"T\u00e4m\u00e4 sivusto on Nivanp\u00e4\u00e4n valokuituverkko osk:n sivusto jolla kerrotaan meneill\u00e4\u00e4n olevasta valokuituverkon rakennushankkeesta.\" \/>\n<meta property=\"og:url\" content=\"https:\/\/nivanpaa.fi\/index.php\/osuuskunta\/\" \/>\n<meta property=\"og:site_name\" content=\"Nivanp\u00e4\u00e4n valokuituverkko osk\" \/>\n<meta property=\"article:modified_time\" content=\"2020-01-16T20:00:56+00:00\" \/>\n<meta name=\"twitter:card\" content=\"summary_large_image\" \/>\n<meta name=\"twitter:label1\" content=\"Arvioitu lukuaika\" \/>\n\t<meta name=\"twitter:data1\" content=\"1 minuutti\" \/>\n<script type=\"application\/ld+json\" class=\"yoast-schema-graph\">{\"@context\":\"https:\/\/schema.org\",\"@graph\":[{\"@type\":\"WebPage\",\"@id\":\"https:\/\/nivanpaa.fi\/index.php\/osuuskunta\/\",\"url\":\"https:\/\/nivanpaa.fi\/index.php\/osuuskunta\/\",\"name\":\"Osuuskunta - Nivanp\u00e4\u00e4n valokuituverkko osk\",\"isPartOf\":{\"@id\":\"https:\/\/nivanpaa.fi\/#website\"},\"datePublished\":\"2019-08-16T13:47:21+00:00\",\"dateModified\":\"2020-01-16T20:00:56+00:00\",\"description\":\"T\u00e4m\u00e4 sivusto on Nivanp\u00e4\u00e4n valokuituverkko osk:n sivusto jolla kerrotaan meneill\u00e4\u00e4n olevasta valokuituverkon rakennushankkeesta.\",\"breadcrumb\":{\"@id\":\"https:\/\/nivanpaa.fi\/index.php\/osuuskunta\/#breadcrumb\"},\"inLanguage\":\"fi\",\"potentialAction\":[{\"@type\":\"ReadAction\",\"target\":[\"https:\/\/nivanpaa.fi\/index.php\/osuuskunta\/\"]}]},{\"@type\":\"BreadcrumbList\",\"@id\":\"https:\/\/nivanpaa.fi\/index.php\/osuuskunta\/#breadcrumb\",\"itemListElement\":[{\"@type\":\"ListItem\",\"position\":1,\"name\":\"Home\",\"item\":\"https:\/\/nivanpaa.fi\/\"},{\"@type\":\"ListItem\",\"position\":2,\"name\":\"Osuuskunta\"}]},{\"@type\":\"WebSite\",\"@id\":\"https:\/\/nivanpaa.fi\/#website\",\"url\":\"https:\/\/nivanpaa.fi\/\",\"name\":\"Nivanp\u00e4\u00e4n valokuituverkko osk\",\"description\":\"\",\"publisher\":{\"@id\":\"https:\/\/nivanpaa.fi\/#organization\"},\"potentialAction\":[{\"@type\":\"SearchAction\",\"target\":{\"@type\":\"EntryPoint\",\"urlTemplate\":\"https:\/\/nivanpaa.fi\/?s={search_term_string}\"},\"query-input\":{\"@type\":\"PropertyValueSpecification\",\"valueRequired\":true,\"valueName\":\"search_term_string\"}}],\"inLanguage\":\"fi\"},{\"@type\":\"Organization\",\"@id\":\"https:\/\/nivanpaa.fi\/#organization\",\"name\":\"Nivanp\u00e4\u00e4n valokuituverkko osk\",\"url\":\"https:\/\/nivanpaa.fi\/\",\"logo\":{\"@type\":\"ImageObject\",\"inLanguage\":\"fi\",\"@id\":\"https:\/\/nivanpaa.fi\/#\/schema\/logo\/image\/\",\"url\":\"https:\/\/nivanpaa.fi\/wp-content\/uploads\/2019\/08\/Logon-kuva.png\",\"contentUrl\":\"https:\/\/nivanpaa.fi\/wp-content\/uploads\/2019\/08\/Logon-kuva.png\",\"width\":457,\"height\":330,\"caption\":\"Nivanp\u00e4\u00e4n valokuituverkko osk\"},\"image\":{\"@id\":\"https:\/\/nivanpaa.fi\/#\/schema\/logo\/image\/\"}}]}<\/script>\n<!-- \/ Yoast SEO plugin. -->","yoast_head_json":{"title":"Osuuskunta - Nivanp\u00e4\u00e4n valokuituverkko osk","description":"T\u00e4m\u00e4 sivusto on Nivanp\u00e4\u00e4n valokuituverkko osk:n sivusto jolla kerrotaan meneill\u00e4\u00e4n olevasta valokuituverkon rakennushankkeesta.","robots":{"index":"index","follow":"follow","max-snippet":"max-snippet:-1","max-image-preview":"max-image-preview:large","max-video-preview":"max-video-preview:-1"},"canonical":"https:\/\/nivanpaa.fi\/index.php\/osuuskunta\/","og_locale":"fi_FI","og_type":"article","og_title":"Osuuskunta - Nivanp\u00e4\u00e4n valokuituverkko osk","og_description":"T\u00e4m\u00e4 sivusto on Nivanp\u00e4\u00e4n valokuituverkko osk:n sivusto jolla kerrotaan meneill\u00e4\u00e4n olevasta valokuituverkon rakennushankkeesta.","og_url":"https:\/\/nivanpaa.fi\/index.php\/osuuskunta\/","og_site_name":"Nivanp\u00e4\u00e4n valokuituverkko osk","article_modified_time":"2020-01-16T20:00:56+00:00","twitter_card":"summary_large_image","twitter_misc":{"Arvioitu lukuaika":"1 minuutti"},"schema":{"@context":"https:\/\/schema.org","@graph":[{"@type":"WebPage","@id":"https:\/\/nivanpaa.fi\/index.php\/osuuskunta\/","url":"https:\/\/nivanpaa.fi\/index.php\/osuuskunta\/","name":"Osuuskunta - Nivanp\u00e4\u00e4n valokuituverkko osk","isPartOf":{"@id":"https:\/\/nivanpaa.fi\/#website"},"datePublished":"2019-08-16T13:47:21+00:00","dateModified":"2020-01-16T20:00:56+00:00","description":"T\u00e4m\u00e4 sivusto on Nivanp\u00e4\u00e4n valokuituverkko osk:n sivusto jolla kerrotaan meneill\u00e4\u00e4n olevasta valokuituverkon rakennushankkeesta.","breadcrumb":{"@id":"https:\/\/nivanpaa.fi\/index.php\/osuuskunta\/#breadcrumb"},"inLanguage":"fi","potentialAction":[{"@type":"ReadAction","target":["https:\/\/nivanpaa.fi\/index.php\/osuuskunta\/"]}]},{"@type":"BreadcrumbList","@id":"https:\/\/nivanpaa.fi\/index.php\/osuuskunta\/#breadcrumb","itemListElement":[{"@type":"ListItem","position":1,"name":"Home","item":"https:\/\/nivanpaa.fi\/"},{"@type":"ListItem","position":2,"name":"Osuuskunta"}]},{"@type":"WebSite","@id":"https:\/\/nivanpaa.fi\/#website","url":"https:\/\/nivanpaa.fi\/","name":"Nivanp\u00e4\u00e4n valokuituverkko osk","description":"","publisher":{"@id":"https:\/\/nivanpaa.fi\/#organization"},"potentialAction":[{"@type":"SearchAction","target":{"@type":"EntryPoint","urlTemplate":"https:\/\/nivanpaa.fi\/?s={search_term_string}"},"query-input":{"@type":"PropertyValueSpecification","valueRequired":true,"valueName":"search_term_string"}}],"inLanguage":"fi"},{"@type":"Organization","@id":"https:\/\/nivanpaa.fi\/#organization","name":"Nivanp\u00e4\u00e4n valokuituverkko osk","url":"https:\/\/nivanpaa.fi\/","logo":{"@type":"ImageObject","inLanguage":"fi","@id":"https:\/\/nivanpaa.fi\/#\/schema\/logo\/image\/","url":"https:\/\/nivanpaa.fi\/wp-content\/uploads\/2019\/08\/Logon-kuva.png","contentUrl":"https:\/\/nivanpaa.fi\/wp-content\/uploads\/2019\/08\/Logon-kuva.png","width":457,"height":330,"caption":"Nivanp\u00e4\u00e4n valokuituverkko osk"},"image":{"@id":"https:\/\/nivanpaa.fi\/#\/schema\/logo\/image\/"}}]}},"_links":{"self":[{"href":"https:\/\/nivanpaa.fi\/index.php\/wp-json\/wp\/v2\/pages\/9","targetHints":{"allow":["GET"]}}],"collection":[{"href":"https:\/\/nivanpaa.fi\/index.php\/wp-json\/wp\/v2\/pages"}],"about":[{"href":"https:\/\/nivanpaa.fi\/index.php\/wp-json\/wp\/v2\/types\/page"}],"author":[{"embeddable":true,"href":"https:\/\/nivanpaa.fi\/index.php\/wp-json\/wp\/v2\/users\/1"}],"replies":[{"embeddable":true,"href":"https:\/\/nivanpaa.fi\/index.php\/wp-json\/wp\/v2\/comments?post=9"}],"version-history":[{"count":7,"href":"https:\/\/nivanpaa.fi\/index.php\/wp-json\/wp\/v2\/pages\/9\/revisions"}],"predecessor-version":[{"id":344,"href":"https:\/\/nivanpaa.fi\/index.php\/wp-json\/wp\/v2\/pages\/9\/revisions\/344"}],"wp:attachment":[{"href":"https:\/\/nivanpaa.fi\/index.php\/wp-json\/wp\/v2\/media?parent=9"}],"curies":[{"name":"wp","href":"https:\/\/api.w.org\/{rel}","templated":true}]}}